{"id":10966,"date":"2023-01-30T23:43:27","date_gmt":"2023-01-30T22:43:27","guid":{"rendered":"https:\/\/ada-corporate.scalecommerce.cloud\/contact\/"},"modified":"2025-10-27T17:40:53","modified_gmt":"2025-10-27T16:40:53","slug":"contact","status":"publish","type":"page","link":"https:\/\/ada-cosmetics.com\/fr\/contact\/","title":{"rendered":"Contact"},"content":{"rendered":"\n<div class=\"wpcf7 no-js\" id=\"wpcf7-f30068-o1\" lang=\"fr-FR\" dir=\"ltr\" data-wpcf7-id=\"30068\">\n<div class=\"screen-reader-response\"><p role=\"status\" aria-live=\"polite\" aria-atomic=\"true\"><\/p> <ul><\/ul><\/div>\n<form action=\"\/fr\/wp-json\/wp\/v2\/pages\/10966#wpcf7-f30068-o1\" method=\"post\" class=\"wpcf7-form init\" aria-label=\"Formulaire de contact\" novalidate=\"novalidate\" data-status=\"init\">\n<fieldset class=\"hidden-fields-container\"><input type=\"hidden\" name=\"_wpcf7\" value=\"30068\" \/><input type=\"hidden\" name=\"_wpcf7_version\" value=\"6.1.5\" \/><input type=\"hidden\" name=\"_wpcf7_locale\" value=\"fr_FR\" \/><input type=\"hidden\" name=\"_wpcf7_unit_tag\" value=\"wpcf7-f30068-o1\" \/><input type=\"hidden\" name=\"_wpcf7_container_post\" value=\"0\" \/><input type=\"hidden\" name=\"_wpcf7_posted_data_hash\" value=\"\" \/><input type=\"hidden\" name=\"_wpcf7cf_hidden_group_fields\" value=\"[]\" \/><input type=\"hidden\" name=\"_wpcf7cf_hidden_groups\" value=\"[]\" \/><input type=\"hidden\" name=\"_wpcf7cf_visible_groups\" value=\"[]\" \/><input type=\"hidden\" name=\"_wpcf7cf_repeaters\" value=\"[]\" \/><input type=\"hidden\" name=\"_wpcf7cf_steps\" value=\"{}\" \/><input type=\"hidden\" name=\"_wpcf7cf_options\" value=\"{&quot;form_id&quot;:30068,&quot;conditions&quot;:[{&quot;then_field&quot;:&quot;opt12&quot;,&quot;and_rules&quot;:[{&quot;if_field&quot;:&quot;radio-962&quot;,&quot;operator&quot;:&quot;equals&quot;,&quot;if_value&quot;:&quot;Business Sales&quot;}]},{&quot;then_field&quot;:&quot;opt24&quot;,&quot;and_rules&quot;:[{&quot;if_field&quot;:&quot;radio-962&quot;,&quot;operator&quot;:&quot;equals&quot;,&quot;if_value&quot;:&quot;Business Sales&quot;}]},{&quot;then_field&quot;:&quot;opt24&quot;,&quot;and_rules&quot;:[{&quot;if_field&quot;:&quot;radio-962&quot;,&quot;operator&quot;:&quot;equals&quot;,&quot;if_value&quot;:&quot;Private Sales&quot;}]},{&quot;then_field&quot;:&quot;opt24&quot;,&quot;and_rules&quot;:[{&quot;if_field&quot;:&quot;radio-962&quot;,&quot;operator&quot;:&quot;equals&quot;,&quot;if_value&quot;:&quot;Press&quot;}]}],&quot;settings&quot;:{&quot;animation&quot;:&quot;yes&quot;,&quot;animation_intime&quot;:200,&quot;animation_outtime&quot;:200,&quot;conditions_ui&quot;:&quot;normal&quot;,&quot;notice_dismissed&quot;:false}}\" \/>\n<\/fieldset>\n<div class=\"form contact-form\">\n\t<div class=\"form__block\">\n\t\t<p><span class=\"wpcf7-form-control-wrap\" data-name=\"mail-recipient\"><input size=\"40\" maxlength=\"400\" class=\"wpcf7-form-control wpcf7-text d-none\" id=\"mail-recipient\" aria-invalid=\"false\" value=\"\" type=\"text\" name=\"mail-recipient\" \/><\/span>\n\t\t<\/p>\n\t\t<h6>Qui souhaitez-vous contacter ?\n\t\t<\/h6>\n\t\t<p>Please select*<br \/>\n<span class=\"wpcf7-form-control-wrap\" data-name=\"radio-962\"><span class=\"wpcf7-form-control wpcf7-radio custom-radio-buttons\" id=\"request_type\"><span class=\"wpcf7-list-item first\"><label><input type=\"radio\" name=\"radio-962\" value=\"Business Sales\" checked=\"checked\" \/><span class=\"wpcf7-list-item-label\">Business Sales<\/span><\/label><\/span><span class=\"wpcf7-list-item\"><label><input type=\"radio\" name=\"radio-962\" value=\"Private Sales\" \/><span class=\"wpcf7-list-item-label\">Private Sales<\/span><\/label><\/span><span class=\"wpcf7-list-item last\"><label><input type=\"radio\" name=\"radio-962\" value=\"Press\" \/><span class=\"wpcf7-list-item-label\">Press<\/span><\/label><\/span><\/span><\/span>\n\t\t<\/p>\n\t\t<h6>Veuillez saisir vos coordonn\u00e9es.\n\t\t<\/h6>\n\t<\/div>\n\t<div class=\"form__col\">\n\t\t<p><label>Pr\u00e9nom*<\/label><span class=\"wpcf7-form-control-wrap\" data-name=\"your-name\"><input size=\"40\" maxlength=\"400\" class=\"wpcf7-form-control wpcf7-text wpcf7-validates-as-required\" aria-required=\"true\" aria-invalid=\"false\" value=\"\" type=\"text\" name=\"your-name\" \/><\/span>\n\t\t<\/p>\n\t<\/div>\n\t<div data-id=\"opt12\" data-orig_data_id=\"opt12\"  class=\"\" data-class=\"wpcf7cf_group\">\n\t\t<div class=\"form__col opt opt1\">\n\t\t\t<p><label>Nom de l'h\u00f4tel \/ Nom de l'entreprise*<\/label><span class=\"wpcf7-form-control-wrap\" data-name=\"company-name\"><input size=\"40\" maxlength=\"400\" class=\"wpcf7-form-control wpcf7-text wpcf7-validates-as-required\" aria-required=\"true\" aria-invalid=\"false\" value=\"\" type=\"text\" name=\"company-name\" \/><\/span>\n\t\t\t<\/p>\n\t\t<\/div>\n\t<\/div>\n\t<div class=\"form__col\">\n\t\t<p><label>Adresse<\/label><span class=\"wpcf7-form-control-wrap\" data-name=\"address\"><input size=\"40\" maxlength=\"400\" class=\"wpcf7-form-control wpcf7-text\" aria-invalid=\"false\" value=\"\" type=\"text\" name=\"address\" \/><\/span>\n\t\t<\/p>\n\t<\/div>\n\t<div class=\"form__col\">\n\t\t<div class=\"form__row address-group\">\n\t\t\t<div class=\"form__col\">\n\t\t\t\t<p><label>Code postal<\/label><span class=\"wpcf7-form-control-wrap\" data-name=\"your-zip\"><input size=\"40\" maxlength=\"400\" class=\"wpcf7-form-control wpcf7-text\" aria-invalid=\"false\" value=\"\" type=\"text\" name=\"your-zip\" \/><\/span>\n\t\t\t\t<\/p>\n\t\t\t<\/div>\n\t\t\t<div class=\"form__col\">\n\t\t\t\t<p><label>Ville<\/label><span class=\"wpcf7-form-control-wrap\" data-name=\"your-city\"><input size=\"40\" maxlength=\"400\" class=\"wpcf7-form-control wpcf7-text\" aria-invalid=\"false\" value=\"\" type=\"text\" name=\"your-city\" \/><\/span>\n\t\t\t\t<\/p>\n\t\t\t<\/div>\n\t\t<\/div>\n\t<\/div>\n\t<div data-id=\"opt24\" data-orig_data_id=\"opt24\"  class=\"\" data-class=\"wpcf7cf_group\">\n\t\t<div class=\"form__col opt opt2 opt3\">\n\t\t\t<p><label>Pays*<\/label><span class=\"wpcf7-form-control-wrap\" data-name=\"dynamic-country-select\"><select class=\"wpcf7-form-control wpcf7-select wpcf7-validates-as-required styled-select\" aria-required=\"true\" aria-invalid=\"false\" name=\"dynamic-country-select\"><option value=\"\">&#8212;Veuillez choisir une option&#8212;<\/option><option value=\"sales.uae@ada-cosmetics.com\">Afrique du Sud<\/option><option value=\"Stefan.Schmidt@ada-cosmetics.com\">Albanie<\/option><option value=\"andrea.illhardt@ada-cosmetics.com\">Allemagne<\/option><option value=\"sales.uae@ada-cosmetics.com\">Arabie saoudite<\/option><option value=\"sales.apac@ada-cosmetics.com\">Australie<\/option><option value=\"info.at@ada-cosmetics.com\">Autriche<\/option><option value=\"Stefan.Schmidt@ada-cosmetics.com\">Azerba\u00efdjan<\/option><option value=\"sales.uae@ada-cosmetics.com\">Bahre\u00efn<\/option><option value=\"christophe.vanagtmael@ada-cosmetics.com, melek.bulut@ada-cosmetics.com\">Belgique<\/option><option value=\"Stefan.Schmidt@ada-cosmetics.com\">Bosnie-Herz\u00e9govine<\/option><option value=\"Stefan.Schmidt@ada-cosmetics.com\">Bulgarie<\/option><option value=\"sales.apac@ada-cosmetics.com\">Cambodge<\/option><option value=\"orders.us@ada-cosmetics.com\">Canada<\/option><option value=\"sales.apac@ada-cosmetics.com\">Chine<\/option><option value=\"Stefan.Schmidt@ada-cosmetics.com\">Chypre<\/option><option value=\"sales.apac@ada-cosmetics.com\">Cor\u00e9e du Sud<\/option><option value=\"Stefan.Schmidt@ada-cosmetics.com\">Croatie<\/option><option value=\"Stefan.Schmidt@ada-cosmetics.com\">Danemark<\/option><option value=\"sales.uae@ada-cosmetics.com\">\u00c9gypte<\/option><option value=\"sales.uae@ada-cosmetics.com\">\u00c9mirats arabes unis<\/option><option value=\"info.es@ada-cosmetics.com, lisa.ehrhard@ada-cosmetics.com\">Espagne<\/option><option value=\"Stefan.Schmidt@ada-cosmetics.com\">Estonie<\/option><option value=\"orders.us@ada-cosmetics.com\">\u00c9tats-Unis<\/option><option value=\"Stefan.Schmidt@ada-cosmetics.com\">Finlande<\/option><option value=\"info.fr@ada-cosmetics.com, lisa.ehrhard@ada-cosmetics.com\">France<\/option><option value=\"Stefan.Schmidt@ada-cosmetics.com\">Gr\u00e8ce<\/option><option value=\"sales.apac@ada-cosmetics.com\">Hong Kong<\/option><option value=\"Stefan.Schmidt@ada-cosmetics.com\">Hongrie<\/option><option value=\"sales.uae@ada-cosmetics.com\">Inde<\/option><option value=\"sales.apac@ada-cosmetics.com\">Indon\u00e9sie<\/option><option value=\"sales.uae@ada-cosmetics.com\">Irak<\/option><option value=\"sales.uk@ada-cosmetics.com\">Irlande<\/option><option value=\"Stefan.Schmidt@ada-cosmetics.com\">Isra\u00ebl<\/option><option value=\"info.at@ada-cosmetics.com\">Italie<\/option><option value=\"sales.apac@ada-cosmetics.com\">Japon<\/option><option value=\"sales.uae@ada-cosmetics.com\">Kowe\u00eft<\/option><option value=\"Stefan.Schmidt@ada-cosmetics.com\">Lettonie<\/option><option value=\"sales.uae@ada-cosmetics.com\">Liban<\/option><option value=\"Stefan.Schmidt@ada-cosmetics.com\">Lituanie<\/option><option value=\"christophe.vanagtmael@ada-cosmetics.com, melek.bulut@ada-cosmetics.com\">Luxembourg<\/option><option value=\"sales.apac@ada-cosmetics.com\">Macao<\/option><option value=\"Stefan.Schmidt@ada-cosmetics.com\">Mac\u00e9doine<\/option><option value=\"sales.apac@ada-cosmetics.com\">Malaisie<\/option><option value=\"sales.uae@ada-cosmetics.com\">Maldives<\/option><option value=\"Stefan.Schmidt@ada-cosmetics.com\">Malte<\/option><option value=\"Stefan.Schmidt@ada-cosmetics.com\">Moldavie<\/option><option value=\"Stefan.Schmidt@ada-cosmetics.com\">Mont\u00e9n\u00e9gro<\/option><option value=\"Stefan.Schmidt@ada-cosmetics.com\">Norv\u00e8ge<\/option><option value=\"sales.uae@ada-cosmetics.com\">Oman<\/option><option value=\"sales.uae@ada-cosmetics.com\">Pakistan<\/option><option value=\"christophe.vanagtmael@ada-cosmetics.com, melek.bulut@ada-cosmetics.com\">Pays-Bas<\/option><option value=\"waldemar.tkaczyk@ada-cosmetics.com\">Pologne<\/option><option value=\"info.es@ada-cosmetics.com, lisa.ehrhard@ada-cosmetics.com\">Portugal<\/option><option value=\"sales.uae@ada-cosmetics.com\">Qatar<\/option><option value=\"sales.uae@ada-cosmetics.com\">R\u00e9publique centrafricaine<\/option><option value=\"Milos.Moravek@ada-cosmetics.com\">R\u00e9publique tch\u00e8que<\/option><option value=\"Stefan.Schmidt@ada-cosmetics.com\">Roumanie<\/option><option value=\"sales.uk@ada-cosmetics.com\">Royaume-Uni<\/option><option value=\"Stefan.Schmidt@ada-cosmetics.com\">Serbie<\/option><option value=\"sales.uae@ada-cosmetics.com\">Seychelles<\/option><option value=\"sales.apac@ada-cosmetics.com\">Singapour<\/option><option value=\"Milos.Moravek@ada-cosmetics.com\">Slovaquie<\/option><option value=\"Stefan.Schmidt@ada-cosmetics.com\">Slov\u00e9nie<\/option><option value=\"sales.uae@ada-cosmetics.com\">Sri Lanka<\/option><option value=\"Stefan.Schmidt@ada-cosmetics.com\">Su\u00e8de<\/option><option value=\"info.ch@ada-cosmetics.com\">Suisse<\/option><option value=\"sales.apac@ada-cosmetics.com\">Tha\u00eflande<\/option><option value=\"Stefan.Schmidt@ada-cosmetics.com\">Turquie<\/option><option value=\"Stefan.Schmidt@ada-cosmetics.com\">Ukraine<\/option><option value=\"sales.apac@ada-cosmetics.com\">Vietnam<\/option><option value=\"info@ada-cosmetics.com,stefanie.hess@ada-cosmetics.com\">Autre<\/option><\/select><\/span>\n\t\t\t<input class=\"wpcf7-form-control wpcf7-hidden\" value=\"\" type=\"hidden\" name=\"dynamic-country-select-label\" \/>\n\t\t\t<\/p>\n\t\t<\/div>\n\t<\/div>\n\t<div data-id=\"opt24\" data-orig_data_id=\"opt24\"  class=\"\" data-class=\"wpcf7cf_group\">\n\t\t<div class=\"form__col other-country-field\">\n\t\t\t<p><label>Autre pays<\/label><span class=\"wpcf7-form-control-wrap\" data-name=\"other-country\"><input size=\"40\" maxlength=\"400\" class=\"wpcf7-form-control wpcf7-text\" aria-invalid=\"false\" value=\"\" type=\"text\" name=\"other-country\" \/><\/span>\n\t\t\t<\/p>\n\t\t<\/div>\n\t<\/div>\n\t<div class=\"clear\">\n\t<\/div>\n\t<div class=\"form__col\">\n\t\t<p><label>E-Mail*<\/label><span class=\"wpcf7-form-control-wrap\" data-name=\"your-email\"><input size=\"40\" maxlength=\"400\" class=\"wpcf7-form-control wpcf7-email wpcf7-validates-as-required wpcf7-text wpcf7-validates-as-email\" aria-required=\"true\" aria-invalid=\"false\" value=\"\" type=\"email\" name=\"your-email\" \/><\/span>\n\t\t<\/p>\n\t<\/div>\n\t<div class=\"form__col\">\n\t\t<p><label>T\u00e9l\u00e9phone<\/label><span class=\"wpcf7-form-control-wrap\" data-name=\"your-phone\"><input size=\"40\" maxlength=\"400\" class=\"wpcf7-form-control wpcf7-tel wpcf7-text wpcf7-validates-as-tel\" aria-invalid=\"false\" value=\"\" type=\"tel\" name=\"your-phone\" \/><\/span>\n\t\t<\/p>\n\t<\/div>\n\t<div class=\"form__block\">\n\t\t<h6>Veuillez saisir votre message pour nous.\n\t\t<\/h6>\n\t<\/div>\n\t<div class=\"clear\">\n\t<\/div>\n\t<div class=\"form__block\">\n\t\t<p><label>Votre message<\/label><span class=\"wpcf7-form-control-wrap\" data-name=\"your-message\"><textarea cols=\"40\" rows=\"10\" maxlength=\"2000\" class=\"wpcf7-form-control wpcf7-textarea\" aria-invalid=\"false\" name=\"your-message\"><\/textarea><\/span>\n\t\t<\/p>\n\t\t<p class=\"pp\"><span class=\"wpcf7-form-control-wrap\" data-name=\"checkbox-745\"><span class=\"wpcf7-form-control wpcf7-checkbox wpcf7-validates-as-required styled\"><span class=\"wpcf7-list-item first last\"><label><input type=\"checkbox\" name=\"checkbox-745[]\" value=\"Politique de confidentialit\u00e9*\" \/><span class=\"wpcf7-list-item-label\">Politique de confidentialit\u00e9*<\/span><\/label><\/span><\/span><\/span> Oui, j'ai pris connaissance de la <a href=\"https:\/\/ada-cosmetics.com\/privacy-policy\/\">d\u00e9claration de protection<\/a> des donn\u00e9es de ce site et j'accepte express\u00e9ment que les donn\u00e9es que j'ai fournies soient collect\u00e9es et enregistr\u00e9es par voie \u00e9lectronique. Mes donn\u00e9es ne seront utilis\u00e9es que dans un but strictement limit\u00e9 au traitement et \u00e0 la r\u00e9ponse \u00e0 ma demande ! Remarque : vous pouvez \u00e0 tout moment r\u00e9voquer votre consentement pour l'avenir en envoyant un e-mail \u00e0 <a href=\"mailto:info@ada-cosmetics.com\">info@ada-cosmetics.com<\/a>.\n\t\t<\/p>\n\t<div class=\"wpcf7-response-output\" aria-hidden=\"true\"><\/div>\n\t\t<p class=\"submit\"><input class=\"wpcf7-form-control wpcf7-submit has-spinner button\" type=\"submit\" value=\"Envoyer\" \/>\n\t\t<\/p>\n\t<\/div>\n<\/div><input type='hidden' class='wpcf7-pum' value='{\"closepopup\":false,\"closedelay\":0,\"openpopup\":false,\"openpopup_id\":0}' \/>\n<\/form>\n<\/div>\n\n","protected":false},"excerpt":{"rendered":"","protected":false},"author":2,"featured_media":30218,"parent":0,"menu_order":0,"comment_status":"closed","ping_status":"closed","template":"page-templates\/contact-page.php","meta":{"_acf_changed":false,"content-type":"","footnotes":""},"class_list":["post-10966","page","type-page","status-publish","has-post-thumbnail","hentry","has_thumb"],"acf":[],"_links":{"self":[{"href":"https:\/\/ada-cosmetics.com\/fr\/wp-json\/wp\/v2\/pages\/10966","targetHints":{"allow":["GET"]}}],"collection":[{"href":"https:\/\/ada-cosmetics.com\/fr\/wp-json\/wp\/v2\/pages"}],"about":[{"href":"https:\/\/ada-cosmetics.com\/fr\/wp-json\/wp\/v2\/types\/page"}],"author":[{"embeddable":true,"href":"https:\/\/ada-cosmetics.com\/fr\/wp-json\/wp\/v2\/users\/2"}],"replies":[{"embeddable":true,"href":"https:\/\/ada-cosmetics.com\/fr\/wp-json\/wp\/v2\/comments?post=10966"}],"version-history":[{"count":3,"href":"https:\/\/ada-cosmetics.com\/fr\/wp-json\/wp\/v2\/pages\/10966\/revisions"}],"predecessor-version":[{"id":51519,"href":"https:\/\/ada-cosmetics.com\/fr\/wp-json\/wp\/v2\/pages\/10966\/revisions\/51519"}],"wp:featuredmedia":[{"embeddable":true,"href":"https:\/\/ada-cosmetics.com\/fr\/wp-json\/wp\/v2\/media\/30218"}],"wp:attachment":[{"href":"https:\/\/ada-cosmetics.com\/fr\/wp-json\/wp\/v2\/media?parent=10966"}],"curies":[{"name":"wp","href":"https:\/\/api.w.org\/{rel}","templated":true}]}}